{"id":26,"date":"2018-11-15T12:46:20","date_gmt":"2018-11-15T11:46:20","guid":{"rendered":"http:\/\/www.swapol.eu\/?page_id=26"},"modified":"2021-04-28T16:29:29","modified_gmt":"2021-04-28T14:29:29","slug":"dissemination","status":"publish","type":"page","link":"https:\/\/www.swapol.eu\/?page_id=26","title":{"rendered":"Dissemination"},"content":{"rendered":"\n<p><\/p>\n\n\n\n<p class=\"has-text-align-center\"><strong><em><span style=\"color:#8c0b50\" class=\"has-inline-color\">FINAL CONFERENCE<\/span><\/em><\/strong><br><strong>on<\/strong><br><strong>11. Feb. 202<\/strong>1 (<strong>online-event<\/strong>)<br>In this conference project partners in Austria, Belgium and Portugal presented the curriculum for the SWaPOL training and discussed opportunities for future cross-disciplinary vocational trainings between police and social work in Europe.<\/p>\n\n\n\n<p>You can find the <a rel=\"noreferrer noopener\" href=\"http:\/\/www.swapol.eu\/wp-content\/uploads\/2021\/02\/The-SWaPOL-Final-Conference.pdf\" target=\"_blank\"><strong><span style=\"color:#8c0b50\" class=\"has-inline-color\">full programme<\/span><\/strong><\/a> here.<br>You can <strong>download<\/strong> the <strong>keynote presentations<\/strong> here:<br><br><a rel=\"noreferrer noopener\" href=\"http:\/\/www.swapol.eu\/wp-content\/uploads\/2021\/02\/Introduction_SWAPOL_final-conference.pdf\" target=\"_blank\"><span style=\"color:#8c0b50\" class=\"has-inline-color\">Introduction<\/span><\/a><span style=\"color:#8c0b50\" class=\"has-inline-color\"><br><\/span><a rel=\"noreferrer noopener\" href=\"http:\/\/www.swapol.eu\/wp-content\/uploads\/2021\/02\/Module-1_SWAPOL_final-conference.pdf\" target=\"_blank\"><span style=\"color:#8c0b50\" class=\"has-inline-color\">Module 1<\/span><\/a><span style=\"color:#8c0b50\" class=\"has-inline-color\"><br><\/span><a rel=\"noreferrer noopener\" href=\"http:\/\/www.swapol.eu\/wp-content\/uploads\/2021\/02\/Module-2_SWAPOL_final-conference.pdf\" target=\"_blank\"><span style=\"color:#8c0b50\" class=\"has-inline-color\">Module 2<\/span><\/a><span style=\"color:#8c0b50\" class=\"has-inline-color\"><br><\/span><a rel=\"noreferrer noopener\" href=\"http:\/\/www.swapol.eu\/wp-content\/uploads\/2021\/02\/Module-3_SWAPOL_final-conference.pdf\" target=\"_blank\"><span style=\"color:#8c0b50\" class=\"has-inline-color\">Module 3<\/span><\/a><span style=\"color:#8c0b50\" class=\"has-inline-color\"><br><\/span><\/p>\n\n\n<h3><u>Other outreach and dissemination activities<\/u><\/h3>\n<p>Adequate time was dedicated to <em>outreach<\/em> and <em>dissemination activities<\/em>:<\/p>\n<h3>Multiplier Events<\/h3>\n<p>Multiplier Event are organised in all partner countries. The aim of these events is to reach out for new national partners (social work and in police administration) where the training may be adopted in the future.<\/p>\n<ul>\n<li>Belgium: 29. Oct. 2020 (online)<\/li>\n<li>Austria: 6. Nov. 2020 (online)<\/li>\n<li>Portugal: 15. Jan. 2021 (online)<\/li>\n<\/ul>\n<h3>Conferences and public events:<\/h3>\n<ul>\n<li><a href=\"https:\/\/www.metropolia.fi\/en\/about-us\/news-and-events\/ureka-annual-conference-2020\" target=\"_blank\" rel=\"noopener noreferrer\">UREKA Annual Conference 2020 &#8211; The 5th international conference of the Urban Research and Education Knowledge Alliance<\/a><\/li>\n<li><a href=\"https:\/\/essd2020.univie.ac.at\/\">European Society of Social Drug Reserach (ESSD) Conference 2020 &#8211; Vienna (online)<\/a><\/li>\n<li><a href=\"https:\/\/www.eurocrim2019.com\/\">European Society of Criminology (ESC) Conference &#8211; Ghent 2019<\/a><\/li>\n<li><a href=\"http:\/\/euspr.org\/euspr2019\/\">European Society of Prevention Research (EUSPR) Conference &#8211; Ghent 2019<\/a><\/li>\n<li><a href=\"https:\/\/www.eu2018.at\/de\/calendar-events\/political-events\/BMVRDJ-BMI-2018-12-05-BPC-and-ECPA-EUCPN.html\">European Crime Prevention Network (EUCPN) Conference Vienna 2018<\/a><\/li>\n<\/ul>\n<p><strong>Annemie Coone<\/strong> and <strong>Didier Reynaert<\/strong> (HoGent) presented the SWaPOL Curriculum at the international conference of UREKA &#8211; the Urban Research and Education Knowledge Alliance (hosted by Metropolia University of Applied Sciences in Helsinki &#8211; online &#8211; 16.\/17. Nov. 2020)<\/p>\n<p><strong>G\u00fcnter Stummvoll<\/strong> participated in the 31. Annual Conference of the European Society of Social Drug Reserach ESSDR (Vienna &#8211; online &#8211; 25. Sept. 2020).<\/p>\n<p>In 2019, the project SWaPOL was presented at the conference of the <a href=\"http:\/\/euspr.org\/euspr2019\/\">European Society of Prevention Research (EUSPR)<\/a> in Ghent (16.-17. Sept. 2019), and at the conference of the <a href=\"https:\/\/www.eurocrim2019.com\/\">European Society of Criminology (ESC)<\/a> in Ghent (18.-21. Sept. 2019)<\/p>\n<p>The project was presented at the Spring Meeting of the <span style=\"color: #800000;\"><a style=\"color: #800000;\" href=\"http:\/\/www.ehpg.org\/styled-2\/styled\/\" target=\"_blank\" rel=\"noopener noreferrer\">European Health Policy Group<\/a><\/span>\u00a0 in April 2018 (Rotterdam), and at the Best Practice Conference of the <a href=\"https:\/\/eucpn.org\/\"><span style=\"color: #800000;\">European Crime Prevention Network EUCPN<\/span><\/a> in Vienna in December 2018.<\/p>\n<h3>Media &amp; News<\/h3>\n<ul>\n<li><a href=\"https:\/\/www.publico.pt\/2019\/10\/01\/local\/noticia\/rui-moreira-defende-criminalizacao-consumo-drogas-via-publica-1888429\" target=\"_blank\" rel=\"noopener noreferrer\">Porto: Rui Moreira defends criminalization of drug use on public roads<\/a><\/li>\n<li><a href=\"https:\/\/oe1.orf.at\/\" target=\"_blank\" rel=\"noopener noreferrer\">Austria: G\u00fcnter Stummvoll presented SWaPOL at the Austrian radio programme &#8220;\u00d61 Punkt Eins&#8221; on &#8220;Nicht nur Law &amp; Order: B\u00fcrgernahe Polizeiarbeit&#8221;<\/a><\/li>\n<\/ul>\n<h3>Trans-nationl project meetings:<\/h3>\n<ul>\n<li>Kick-off Meeting: 18.-20. December 2018; Vienna, Austria<\/li>\n<li>Second trans-national project meeting: 17.-19. June 2019; Gent, Belgium<\/li>\n<li>The third trans-national project meeting was planned to be held in March 2020 in Lisbon (Portugal), but &#8211; due to the COVID19-crisis &#8211; was held online on 26. June 2020. A follow-up meeting was held on 9. Sept. 2020.<\/li>\n<li>The final project meeting was held on 11. Feb. 2021 (online).<\/li>\n<\/ul>\n<p><img decoding=\"async\" loading=\"lazy\" class=\"wp-image-337 alignleft\" src=\"http:\/\/www.swapol.eu\/wp-content\/uploads\/2020\/10\/Image-schreenshot-150x150.png\" alt=\"\" width=\"110\" height=\"110\" \/><img decoding=\"async\" loading=\"lazy\" class=\"wp-image-338 alignleft\" src=\"http:\/\/www.swapol.eu\/wp-content\/uploads\/2020\/10\/Screen-Shot-150x150.png\" alt=\"\" width=\"110\" height=\"110\" \/><\/p>\n<h3>\u00a0<\/h3>\n<h3>Some impressions from our conferences:<\/h3>\n<p><a href=\"https:\/\/www.eu2018.at\/de\/calendar-events\/political-events\/BMVRDJ-BMI-2018-12-05-BPC-and-ECPA-EUCPN.html\">European Crime Prevention Network (EUCPN) Conference Vienna Dec. 2018<\/a><\/p>\n<p><img decoding=\"async\" loading=\"lazy\" class=\"aligncenter size-thumbnail wp-image-287\" src=\"http:\/\/www.swapol.eu\/wp-content\/uploads\/2019\/09\/UNADJUSTEDNONRAW_thumb_67e-150x150.jpg\" alt=\"\" width=\"150\" height=\"150\" \/><\/p>\n<p><a href=\"https:\/\/www.eurocrim2019.com\/\">European Society of Criminology (ESC) Conference &#8211; Ghent Sept. 2019<\/a><\/p>\n<p><img decoding=\"async\" loading=\"lazy\" class=\"alignnone size-thumbnail wp-image-255\" src=\"http:\/\/www.swapol.eu\/wp-content\/uploads\/2019\/09\/UNADJUSTEDNONRAW_thumb_abd-150x150.jpg\" alt=\"\" width=\"150\" height=\"150\" \/>\u00a0<img decoding=\"async\" loading=\"lazy\" class=\"alignnone size-thumbnail wp-image-282\" src=\"http:\/\/www.swapol.eu\/wp-content\/uploads\/2019\/09\/IMG_20190920_090813-1-150x150.jpg\" alt=\"\" width=\"150\" height=\"150\" \/>\u00a0 <img decoding=\"async\" loading=\"lazy\" class=\"alignnone size-thumbnail wp-image-262\" src=\"http:\/\/www.swapol.eu\/wp-content\/uploads\/2019\/09\/IMG_20190920_091945-150x150.jpg\" alt=\"\" width=\"150\" height=\"150\" \/> <img decoding=\"async\" loading=\"lazy\" class=\"alignnone size-thumbnail wp-image-264\" src=\"http:\/\/www.swapol.eu\/wp-content\/uploads\/2019\/09\/IMG_20190920_093557-150x150.jpg\" alt=\"\" width=\"150\" height=\"150\" \/><\/p>\n<h3>\u00a0<\/h3>\n<h3>Recommended reading:<\/h3>\n<ul>\n<li><a href=\"http:\/\/www.swapol.eu\/wp-content\/uploads\/2019\/03\/chapter-social-work-and-police-Didier.pdf\"><em>Policing Minors: Balancing Welfare and Justice<\/em><\/a><\/li>\n<\/ul>\n<p>In this article, authors from Belgium discuss the history of the relationship of social workers and police in relation to youth justice in the city of Ghent. First, the historical development of the social role of the police\u00a0 is presented. Second, the separation of welfare and justice in the police zone of Ghent is explained. Third, the blurred lines in practice between social work and policing are discussed, emphasising the risk of role confusion, arbitrary judgements in case management and challenges for communication between social workers and police officers.<\/p>\n<ul>\n<li><em><a href=\"http:\/\/www.swapol.eu\/wp-content\/uploads\/2019\/04\/BiggsJohnBTangC_2011_Contents_TeachingForQualityLea.pdf\">Biggs J. and Tang C. (2011): Teaching for Quality Learning at University. What the Student Does<\/a><\/em><br \/>Society for Research Into Higher Education. 4<sup>th<\/sup> Edition. Open University Press. Maidenhead.<\/li>\n<li><em><a href=\"http:\/\/www.swapol.eu\/wp-content\/uploads\/2019\/06\/Methods-of-Social-Work.pdf\">Parmar A. (2014): Methods of Social Work and Its Role in Understanding Team Climate and Team Effectiveness for Organizational Development<\/a><\/em>. In: Journal of Sociology and Social Work. Vol. 2, Nr. 1. pp. 303-318. Published by American Research Institute for Policy Development.<\/li>\n<\/ul>\n\n\n<p><\/p>\n","protected":false},"excerpt":{"rendered":"<p>FINAL CONFERENCEon11. Feb. 2021 (online-event)In this conference project partners in Austria, Belgium and Portugal presented the curriculum for the SWaPOL training and discussed opportunities for future cross-disciplinary vocational trainings between police and social work in Europe. You can find the full programme here.You can download the keynote presentations here: IntroductionModule 1Module 2Module 3 Other outreach &hellip; <a href=\"https:\/\/www.swapol.eu\/?page_id=26\" class=\"more-link\">Continue reading <span class=\"screen-reader-text\">Dissemination<\/span><\/a><\/p>\n","protected":false},"author":2,"featured_media":0,"parent":0,"menu_order":0,"comment_status":"closed","ping_status":"closed","template":"","meta":[],"_links":{"self":[{"href":"https:\/\/www.swapol.eu\/index.php?rest_route=\/wp\/v2\/pages\/26"}],"collection":[{"href":"https:\/\/www.swapol.eu\/index.php?rest_route=\/wp\/v2\/pages"}],"about":[{"href":"https:\/\/www.swapol.eu\/index.php?rest_route=\/wp\/v2\/types\/page"}],"author":[{"embeddable":true,"href":"https:\/\/www.swapol.eu\/index.php?rest_route=\/wp\/v2\/users\/2"}],"replies":[{"embeddable":true,"href":"https:\/\/www.swapol.eu\/index.php?rest_route=%2Fwp%2Fv2%2Fcomments&post=26"}],"version-history":[{"count":74,"href":"https:\/\/www.swapol.eu\/index.php?rest_route=\/wp\/v2\/pages\/26\/revisions"}],"predecessor-version":[{"id":556,"href":"https:\/\/www.swapol.eu\/index.php?rest_route=\/wp\/v2\/pages\/26\/revisions\/556"}],"wp:attachment":[{"href":"https:\/\/www.swapol.eu\/index.php?rest_route=%2Fwp%2Fv2%2Fmedia&parent=26"}],"curies":[{"name":"wp","href":"https:\/\/api.w.org\/{rel}","templated":true}]}}